{"id":13,"date":"2019-07-23T16:33:42","date_gmt":"2019-07-23T14:33:42","guid":{"rendered":"http:\/\/www.ferienwohnung-leimen.de\/?page_id=13"},"modified":"2019-10-15T16:49:57","modified_gmt":"2019-10-15T14:49:57","slug":"die-lage","status":"publish","type":"page","link":"https:\/\/www.ferienwohnung-leimen.de\/?page_id=13","title":{"rendered":"Die Lage"},"content":{"rendered":"<p>Das Haus mit seiner achtsamen und freundlichen Atmosph\u00e4re liegt zentral in einer sch\u00f6nen, ruhigen Seitenstra\u00dfe im Zentrum von Leimen, 2 Kilometer von Heidelberg entfernt. Haltestellen f\u00fcr \u00f6ffentliche Verkehrsmittel sowie eine Vielzahl guter Restaurants, Kneipen und Caf\u00e9s, B\u00e4cker und weiterer Einkaufsm\u00f6glichkeiten sind in wenigen Gehminuten zu erreichen. Ein in der N\u00e4he liegender Naturpark und die Weinberge laden zum Auftanken in der friedlichen Natur ein.<\/p>\n<p><strong>Sehr gute, regelm\u00e4\u00dfige Verkehrsanbindung.<\/strong><\/p>\n<p>Die Stra\u00dfenbahn (23) zwischen Leimen und Heidelberg f\u00e4hrt werktags alle 15 Minuten und bringt Sie in ca. 20 Minuten zum Bismarckplatz &#8211; Stadtzentrum von Heidelberg. 15 Minuten von der Autobahn entfernt (A5 Schwetzingen \/ Leimen). Fu\u00dfweg zum Stra\u00dfenbahnhaltestelle: (Linie 23) ca. 500m. Fu\u00dfweg zur Stadtmitte \/ Leimen: 1,0 km. Weg zum Hauptbahnhof \/ Heidelberg: 7,6 km. Weg zur Innenstadt \/ Heidelberg (Bismarckplatz): 7,8 km. Mit der Stra\u00dfenbahn erreichen Sie das Zentrum Heidelbergs in ca. 20 Minuten. Die nahe gelegene S-Bahn bringt Sie n\u00f6rdlich bis nach Weinheim und Mannheim und s\u00fcdlich bis nach Bruchsal und Karlsruhe. Die Kaiserstrasse ist als Fahrradweg nach Heidelberg ausgewiesen.<\/p>\n<p><strong>Leimen<\/strong><\/p>\n<p>Unser Haus befindet sich in einer der sch\u00f6nsten Gegenden von Deutschland. Nur 2 Kilometer von Heidelberg und 15 Kilometer von Mannheim entfernt liegt Leimen im Herzen der Kurpfalz (\u00e4ltestes r\u00f6misches Weinbaugebiet) und zeichnet sich besonders durch das warme Klima und die interessante und sch\u00f6ne Umgebung aus. Mit seinen zahlreichen Sportanlagen und ausgedehnten Waldgebieten am Rande der Rheinebene bietet Leimen einen hohen Freizeitwert. Im Kern von Leimen befinden sich mehrere Gesch\u00e4fte und Restaurants.<\/p>\n<p>Durch Leimen, Prinzenbr\u00fccke gehen folgende Wanderwege: Der Europ\u00e4ische Fernwanderweg. Der Franken-Hessen-Kurpfalzweg. Der Weitwanderweg Odenwald &#8211; Vogesen<\/p>\n<p>Neben Heidelberg mit seinen zahlreichen touristischen Attraktionen gibt es in der Umgebung noch viele sch\u00f6ne Orte zu entdecken. Wanderer und Fahrradfahrer finden im nahegelegenen Odenwald, im Kraichgau und in der Rhein-Ebene attraktive Routen. Die Bergstra\u00dfe mit ihren h\u00fcbschen St\u00e4dtchen l\u00e4dt ebenso ein wie der Neckar mit seinen historischen Burgen.<\/p>\n<p><strong>Weitere Ausflugsziele:<\/strong><em> Schwetzingen 10 km, Speyer 28 km, Feste Dilsberg 18 km, Hockenheim 15 km, Neckarsteinach 18,5 km, Walldorf 7km, Ladenburg 22km.<\/p>\n","protected":false},"excerpt":{"rendered":"<p>Das Haus mit seiner achtsamen und freundlichen Atmosph\u00e4re liegt zentral in einer sch\u00f6nen, ruhigen Seitenstra\u00dfe im Zentrum von Leimen, 2 Kilometer von Heidelberg entfernt. Haltestellen f\u00fcr \u00f6ffentliche Verkehrsmittel sowie eine Vielzahl guter Restaurants, Kneipen und Caf\u00e9s, B\u00e4cker und weiterer Einkaufsm\u00f6glichkeiten sind in wenigen Gehminuten zu erreichen. Ein in der N\u00e4he liegender Naturpark und die Weinberge [&hellip;]<\/p>\n","protected":false},"author":1,"featured_media":0,"parent":0,"menu_order":2,"comment_status":"closed","ping_status":"closed","template":"","meta":[],"_links":{"self":[{"href":"https:\/\/www.ferienwohnung-leimen.de\/index.php?rest_route=\/wp\/v2\/pages\/13"}],"collection":[{"href":"https:\/\/www.ferienwohnung-leimen.de\/index.php?rest_route=\/wp\/v2\/pages"}],"about":[{"href":"https:\/\/www.ferienwohnung-leimen.de\/index.php?rest_route=\/wp\/v2\/types\/page"}],"author":[{"embeddable":true,"href":"https:\/\/www.ferienwohnung-leimen.de\/index.php?rest_route=\/wp\/v2\/users\/1"}],"replies":[{"embeddable":true,"href":"https:\/\/www.ferienwohnung-leimen.de\/index.php?rest_route=%2Fwp%2Fv2%2Fcomments&post=13"}],"version-history":[{"count":1,"href":"https:\/\/www.ferienwohnung-leimen.de\/index.php?rest_route=\/wp\/v2\/pages\/13\/revisions"}],"predecessor-version":[{"id":14,"href":"https:\/\/www.ferienwohnung-leimen.de\/index.php?rest_route=\/wp\/v2\/pages\/13\/revisions\/14"}],"wp:attachment":[{"href":"https:\/\/www.ferienwohnung-leimen.de\/index.php?rest_route=%2Fwp%2Fv2%2Fmedia&parent=13"}],"curies":[{"name":"wp","href":"https:\/\/api.w.org\/{rel}","templated":true}]}}